{"id":1,"date":"2019-09-05T08:43:56","date_gmt":"2019-09-05T08:43:56","guid":{"rendered":"https:\/\/cadisauto.com\/?p=1"},"modified":"2022-08-02T07:32:07","modified_gmt":"2022-08-02T07:32:07","slug":"home","status":"publish","type":"page","link":"https:\/\/cadisauto.com\/","title":{"rendered":"Home"},"content":{"rendered":"<p><img decoding=\"async\" src=\"\/wp-content\/uploads\/yootheme\/line-04.svg\" alt=\"\"><br \/>\n<img decoding=\"async\" src=\"\/wp-content\/uploads\/yootheme\/line-05.svg\" alt=\"\"><\/p>\n<h1>Taller de<br \/>confianza<\/h1>\n<div>confianza<\/div>\n<div>\n<p>Tu coche nos amar\u00e1. Y tu bolsillo m\u00e1s. Chapa y pintura, mec\u00e1nica r\u00e1pida, mec\u00e1nica en general y neum\u00e1ticos. Trabajamos con las principales aseguradoras. Nos encontramos en el Sebadal (Las Palmas).<\/p>\n<\/div>\n<ul>\n<li>\n<\/li>\n<li>\n<\/li>\n<\/ul>\n<h2>Chapa &amp; Pintura<\/h2>\n<div>\n<p>Si tu coche ha sufrido un accidente, no te preocupes, gestionamos todo el papeleo con tu aseguradora. Si lo que tienes es que pintar tu coche al mejor precio, y en el plazo acordado, somos tu taller.<\/p>\n<\/div>\n<ul>\n<li>\n<p>        <img decoding=\"async\" src=\"https:\/\/cadisauto.com\/wp-content\/uploads\/2022\/08\/a6.jpg\" alt=\"\"><\/p>\n<\/li>\n<li>\n<p>        <img decoding=\"async\" src=\"https:\/\/cadisauto.com\/wp-content\/uploads\/2022\/08\/a5.jpg\" alt=\"\"><\/p>\n<\/li>\n<li>\n<p>        <img decoding=\"async\" src=\"https:\/\/cadisauto.com\/wp-content\/uploads\/2022\/08\/a4.jpg\" alt=\"\"><\/p>\n<\/li>\n<li>\n<p>        <img decoding=\"async\" src=\"https:\/\/cadisauto.com\/wp-content\/uploads\/2022\/08\/a3.jpg\" alt=\"\"><\/p>\n<\/li>\n<li>\n<p>        <img decoding=\"async\" src=\"https:\/\/cadisauto.com\/wp-content\/uploads\/2022\/08\/a2.jpg\" alt=\"\"><\/p>\n<\/li>\n<li>\n<p>        <img decoding=\"async\" src=\"https:\/\/cadisauto.com\/wp-content\/uploads\/2022\/08\/a1.jpg\" alt=\"\"><\/p>\n<\/li>\n<\/ul>\n<p><img decoding=\"async\" src=\"\/wp-content\/uploads\/yootheme\/line-02.svg\" alt=\"\"><\/p>\n<ul>\n<li>\n<\/li>\n<li>\n<\/li>\n<\/ul>\n<h2>Mec\u00e1nica r\u00e1pida<\/h2>\n<div>\n<p>Desde un cambio de aceite, a revisar los neum\u00e1ticos, niveles, revisiones (sin perder la garant\u00eda del fabricante)&#8230;<\/p>\n<\/div>\n<p><img decoding=\"async\" src=\"\/wp-content\/uploads\/yootheme\/line-03.svg\" alt=\"\"><\/p>\n<h2>Mec\u00e1nica general<\/h2>\n<div>\n<p>Cambio de correas de distribuci\u00f3n, aver\u00edas en el motor, electricidad&#8230;<\/p>\n<\/div>\n<div>\n<h2>Cita Previa<\/h2>\n<p>El Sebadal<\/p>\n<div>\n<p>Puedes venir a visitarnos o pedir cita previa con nosotros. Estamos abiertos de 8 a 16 horas de lunes a viernes.<\/p>\n<\/div>\n<p><a href=\"https:\/\/cadisauto.com\/?page_id=42\">Contacto<\/a><\/p>\n<\/div>\n<div>\n<h2>Garant\u00eda<\/h2>\n<p>Taller de confianza<\/p>\n<div>\n<p>Todas las reparaciones realizadas en nuestro taller tienen garant\u00eda legal. Adem\u00e1s, si tu coche est\u00e1 en garant\u00eda con el fabricante, conservar\u00e1s esta garaant\u00eda si haces las revisiones en Cadisauto.<\/p>\n<\/div>\n<p><a href=\"https:\/\/cadisauto.com\/?page_id=42\">Contacto<\/a><\/p>\n<\/div>\n<p><!--more--><br \/>\n<!-- {\"type\":\"layout\",\"children\":[{\"type\":\"section\",\"props\":{\"style\":\"primary\",\"width\":\"\",\"vertical_align\":\"middle\",\"title_position\":\"top-left\",\"title_rotation\":\"left\",\"title_breakpoint\":\"xl\",\"image_position\":\"center-center\",\"overlap\":false,\"header_transparent\":\"dark\",\"padding\":\"xlarge\",\"class\":\"uk-position-relative\",\"height\":\"full\",\"padding_remove_bottom\":false,\"header_transparent_noplaceholder\":false},\"children\":[{\"type\":\"row\",\"props\":{\"layout\":\"1-2,1-2\",\"margin\":\"remove-vertical\"},\"children\":[{\"type\":\"column\",\"props\":{\"image_position\":\"center-center\",\"media_overlay_gradient\":\"\",\"width_medium\":\"1-2\",\"position_sticky_breakpoint\":\"m\",\"css\":\".el-column > * { position: static; }\"},\"children\":[{\"type\":\"image\",\"props\":{\"margin\":\"default\",\"image_svg_color\":\"emphasis\",\"image\":\"wp-content\\\/uploads\\\/yootheme\\\/line-04.svg\",\"image_svg_inline\":true,\"image_svg_animate\":true,\"text_align\":\"left\",\"visibility\":\"s\",\"css\":\".el-image { max-width: 40vw; }\",\"position\":\"absolute\",\"position_top\":\"0\",\"position_left\":\"0\",\"position_z_index\":\"0\",\"image_width\":\"570\",\"image_height\":\"750\"}}]},{\"type\":\"column\",\"props\":{\"image_position\":\"center-center\",\"media_overlay_gradient\":\"\",\"width_medium\":\"1-2\",\"position_sticky_breakpoint\":\"m\",\"css\":\".el-column > * { position: static; }\"},\"children\":[{\"type\":\"image\",\"props\":{\"margin\":\"default\",\"image_svg_color\":\"emphasis\",\"image\":\"wp-content\\\/uploads\\\/yootheme\\\/line-05.svg\",\"image_svg_inline\":true,\"image_svg_animate\":true,\"text_align\":\"right\",\"css\":\".el-image { max-width: 30vw; }\",\"visibility\":\"s\",\"position\":\"absolute\",\"position_top\":\"0\",\"position_right\":\"0\",\"position_z_index\":\"0\",\"image_width\":\"535\",\"image_height\":\"685\"}}]}]},{\"type\":\"row\",\"children\":[{\"type\":\"column\",\"props\":{\"image_position\":\"center-center\",\"media_overlay_gradient\":\"\",\"width_medium\":\"\",\"position_sticky_breakpoint\":\"m\"},\"children\":[{\"type\":\"headline\",\"props\":{\"title_element\":\"h1\",\"content\":\"Taller de<br \\\/>confianza\",\"title_style\":\"heading-2xlarge\",\"text_align\":\"left\",\"text_align_breakpoint\":\"m\",\"text_align_fallback\":\"center\",\"visibility\":\"s\",\"position\":\"relative\",\"position_z_index\":\"1\"}},{\"type\":\"headline\",\"props\":{\"title_element\":\"div\",\"content\":\"confianza\",\"title_style\":\"heading-xlarge\",\"text_align\":\"left\",\"text_align_breakpoint\":\"m\",\"text_align_fallback\":\"center\",\"visibility\":\"hidden-s\"}},{\"type\":\"text\",\"props\":{\"margin\":\"medium\",\"column_breakpoint\":\"m\",\"content\":\"\n\n<p>Tu coche nos amar\\u00e1. Y tu bolsillo m\\u00e1s. Chapa y pintura, mec\\u00e1nica r\\u00e1pida, mec\\u00e1nica en general y neum\\u00e1ticos. Trabajamos con las principales aseguradoras. Nos encontramos en el Sebadal (Las Palmas).<\\\/p>\",\"maxwidth\":\"large\",\"text_size\":\"large\",\"text_align\":\"left\",\"text_align_breakpoint\":\"m\",\"text_align_fallback\":\"center\",\"maxwidth_breakpoint\":\"m\",\"class\":\"uk-width-xlarge@l\",\"position\":\"relative\",\"position_z_index\":\"1\"}}]}],\"props\":{\"width\":\"small\",\"margin\":\"remove-vertical\"}}],\"name\":\"Hero\"},{\"type\":\"section\",\"props\":{\"style\":\"default\",\"width\":\"\",\"vertical_align\":\"middle\",\"title_position\":\"center-right\",\"title_rotation\":\"left\",\"title_breakpoint\":\"l\",\"image_position\":\"center-center\",\"preserve_color\":true,\"height\":\"full\",\"title\":\"\",\"css\":\".el-section { background: #FFB391; }\",\"class\":\"uk-position-relative\",\"padding\":\"large\"},\"children\":[{\"type\":\"row\",\"props\":{\"width\":\"default\"},\"children\":[{\"type\":\"column\",\"props\":{\"image_position\":\"center-center\",\"media_overlay_gradient\":\"\",\"position_sticky_breakpoint\":\"m\"},\"children\":[{\"type\":\"list\",\"props\":{\"show_image\":true,\"show_link\":true,\"list_element\":\"ul\",\"column_breakpoint\":\"m\",\"image_svg_color\":\"emphasis\",\"image_align\":\"left\",\"image_vertical_align\":true,\"position\":\"relative\",\"position_z_index\":\"3\",\"text_align\":\"center\",\"list_type\":\"horizontal\",\"list_horizontal_separator\":\"&emsp;\\u2014&emsp;\",\"visibility\":\"hidden-m\"},\"children\":[{\"type\":\"list_item\",\"source\":{\"query\":{\"name\":\"exhibitions.customExhibitions\",\"arguments\":{\"cat_operator\":\"IN\",\"tag_operator\":\"IN\",\"users\":[],\"users_operator\":\"IN\",\"offset\":1,\"limit\":1,\"order\":\"date\",\"order_direction\":\"DESC\",\"terms\":[6]}},\"props\":{\"content\":{\"filters\":{\"search\":\"\",\"date\":\"j M, Y\",\"before\":\"\",\"after\":\"\"},\"name\":\"field.exhibition_start_date\"}}}},{\"type\":\"list_item\",\"source\":{\"query\":{\"name\":\"exhibitions.customExhibitions\",\"arguments\":{\"cat_operator\":\"IN\",\"tag_operator\":\"IN\",\"users\":[],\"users_operator\":\"IN\",\"offset\":1,\"limit\":1,\"order\":\"date\",\"order_direction\":\"DESC\",\"terms\":[6]}},\"props\":{\"content\":{\"filters\":{\"search\":\"\",\"date\":\"j M, Y\"},\"name\":\"field.exhibition_end_date\"}}}}]},{\"type\":\"headline\",\"props\":{\"title_element\":\"h2\",\"text_align\":\"center\",\"title_style\":\"heading-large\",\"margin_remove_top\":true,\"maxwidth\":\"large\",\"block_align\":\"center\",\"position\":\"relative\",\"position_z_index\":\"3\",\"class\":\"uk-width-2xlarge@m\",\"content\":\"Chapa &amp; Pintura\"},\"source\":{\"query\":{\"name\":\"exhibitions.customExhibition\",\"arguments\":{\"cat_operator\":\"IN\",\"tag_operator\":\"IN\",\"users\":[],\"users_operator\":\"IN\",\"offset\":1,\"order\":\"date\",\"order_direction\":\"DESC\",\"terms\":[6],\"exhibition_cat_operator\":\"IN\",\"exhibition_flag_operator\":\"IN\"}}}},{\"type\":\"text\",\"props\":{\"margin\":\"default\",\"column_breakpoint\":\"m\",\"text_align\":\"center\",\"maxwidth\":\"large\",\"block_align\":\"center\",\"position\":\"relative\",\"position_z_index\":\"3\",\"class\":\"uk-width-xlarge@m\",\"content\":\"\n\n<p>Si tu coche ha sufrido un accidente, no te preocupes, gestionamos todo el papeleo con tu aseguradora. Si lo que tienes es que pintar tu coche al mejor precio, y en el plazo acordado, somos tu taller.<\\\/p>\"},\"source\":{\"query\":{\"name\":\"exhibitions.customExhibition\",\"arguments\":{\"cat_operator\":\"IN\",\"tag_operator\":\"IN\",\"users\":[],\"users_operator\":\"IN\",\"offset\":1,\"order\":\"date\",\"order_direction\":\"DESC\",\"terms\":[6],\"exhibition_cat_operator\":\"IN\",\"exhibition_flag_operator\":\"IN\"}}}},{\"type\":\"gallery\",\"props\":{\"show_title\":true,\"show_meta\":true,\"show_content\":true,\"show_link\":true,\"show_hover_image\":true,\"grid_default\":\"1\",\"grid_medium\":\"3\",\"filter_style\":\"tab\",\"filter_all\":true,\"filter_position\":\"top\",\"filter_align\":\"left\",\"filter_grid_width\":\"auto\",\"filter_grid_breakpoint\":\"m\",\"overlay_mode\":\"cover\",\"overlay_hover\":true,\"overlay_style\":\"overlay-primary\",\"text_color\":\"light\",\"overlay_position\":\"center\",\"overlay_transition\":\"fade\",\"title_hover_style\":\"reset\",\"title_element\":\"h3\",\"meta_style\":\"meta\",\"meta_align\":\"below-title\",\"meta_element\":\"div\",\"link_text\":\"Read more\",\"link_style\":\"default\",\"text_align\":\"center\",\"margin\":\"default\",\"item_animation\":true},\"children\":[{\"type\":\"gallery_item\",\"props\":{\"image\":\"https:\\\/\\\/cadisauto.com\\\/wp-content\\\/uploads\\\/2022\\\/08\\\/a6.jpg\"}},{\"type\":\"gallery_item\",\"props\":{\"image\":\"https:\\\/\\\/cadisauto.com\\\/wp-content\\\/uploads\\\/2022\\\/08\\\/a5.jpg\"}},{\"type\":\"gallery_item\",\"props\":{\"image\":\"https:\\\/\\\/cadisauto.com\\\/wp-content\\\/uploads\\\/2022\\\/08\\\/a4.jpg\"}},{\"type\":\"gallery_item\",\"props\":{\"image\":\"https:\\\/\\\/cadisauto.com\\\/wp-content\\\/uploads\\\/2022\\\/08\\\/a3.jpg\"}},{\"type\":\"gallery_item\",\"props\":{\"image\":\"https:\\\/\\\/cadisauto.com\\\/wp-content\\\/uploads\\\/2022\\\/08\\\/a2.jpg\"}},{\"type\":\"gallery_item\",\"props\":{\"image\":\"https:\\\/\\\/cadisauto.com\\\/wp-content\\\/uploads\\\/2022\\\/08\\\/a1.jpg\"}}]}]}]}],\"name\":\"Featured Exhibtion\"},{\"type\":\"section\",\"props\":{\"style\":\"secondary\",\"width\":\"\",\"vertical_align\":\"middle\",\"title_position\":\"center-right\",\"title_rotation\":\"left\",\"title_breakpoint\":\"l\",\"image_position\":\"center-center\",\"preserve_color\":true,\"height\":\"full\",\"title\":\"\",\"css\":\".el-section { background: #8EBFD5; }\",\"class\":\"uk-position-relative\",\"padding\":\"large\"},\"children\":[{\"type\":\"row\",\"children\":[{\"type\":\"column\",\"props\":{\"position_sticky_breakpoint\":\"m\",\"image_position\":\"center-center\",\"media_overlay_gradient\":\"\"},\"children\":[{\"type\":\"image\",\"props\":{\"margin\":\"default\",\"image_svg_color\":\"emphasis\",\"image\":\"wp-content\\\/uploads\\\/yootheme\\\/line-02.svg\",\"position\":\"absolute\",\"image_svg_inline\":true,\"image_svg_animate\":true,\"image_width\":\"2560\",\"text_align\":\"center\",\"visibility\":\"m\",\"position_z_index\":\"1\",\"position_top\":\"-550\",\"image_height\":\"2115\"}}]}]},{\"type\":\"row\",\"props\":{\"width\":\"default\"},\"children\":[{\"type\":\"column\",\"props\":{\"image_position\":\"center-center\",\"media_overlay_gradient\":\"\",\"position_sticky_breakpoint\":\"m\"},\"children\":[{\"type\":\"list\",\"props\":{\"show_image\":true,\"show_link\":true,\"list_element\":\"ul\",\"column_breakpoint\":\"m\",\"image_svg_color\":\"emphasis\",\"image_align\":\"left\",\"image_vertical_align\":true,\"position\":\"relative\",\"position_z_index\":\"3\",\"text_align\":\"center\",\"list_type\":\"horizontal\",\"list_horizontal_separator\":\"&emsp;\\u2014&emsp;\",\"visibility\":\"hidden-m\"},\"children\":[{\"type\":\"list_item\",\"source\":{\"query\":{\"name\":\"exhibitions.customExhibitions\",\"arguments\":{\"cat_operator\":\"IN\",\"tag_operator\":\"IN\",\"users\":[],\"users_operator\":\"IN\",\"offset\":2,\"limit\":1,\"order\":\"date\",\"order_direction\":\"DESC\",\"terms\":[6]}},\"props\":{\"content\":{\"filters\":{\"search\":\"\",\"date\":\"j M, Y\",\"before\":\"\",\"after\":\"\"},\"name\":\"field.exhibition_start_date\"}}}},{\"type\":\"list_item\",\"source\":{\"query\":{\"name\":\"exhibitions.customExhibitions\",\"arguments\":{\"cat_operator\":\"IN\",\"tag_operator\":\"IN\",\"users\":[],\"users_operator\":\"IN\",\"offset\":2,\"limit\":1,\"order\":\"date\",\"order_direction\":\"DESC\",\"terms\":[6]}},\"props\":{\"content\":{\"filters\":{\"search\":\"\",\"date\":\"j M, Y\"},\"name\":\"field.exhibition_end_date\"}}}}]},{\"type\":\"headline\",\"props\":{\"title_element\":\"h2\",\"text_align\":\"center\",\"title_style\":\"heading-large\",\"margin_remove_top\":true,\"position\":\"relative\",\"position_z_index\":\"3\",\"maxwidth\":\"large\",\"block_align\":\"center\",\"class\":\"uk-width-2xlarge@m\",\"content\":\"Mec\\u00e1nica r\\u00e1pida\"},\"source\":{\"query\":{\"name\":\"exhibitions.customExhibition\",\"arguments\":{\"cat_operator\":\"IN\",\"tag_operator\":\"IN\",\"users\":[],\"users_operator\":\"IN\",\"offset\":2,\"order\":\"date\",\"order_direction\":\"DESC\",\"terms\":[6],\"exhibition_cat_operator\":\"IN\",\"exhibition_flag_operator\":\"IN\"}}}},{\"type\":\"image\",\"props\":{\"margin\":\"default\",\"image_svg_color\":\"emphasis\",\"visibility\":\"hidden-s\",\"image_width\":\"610\",\"text_align\":\"center\",\"position\":\"relative\",\"position_z_index\":\"3\"},\"source\":{\"query\":{\"name\":\"exhibitions.customExhibition\",\"arguments\":{\"cat_operator\":\"IN\",\"tag_operator\":\"IN\",\"users\":[],\"users_operator\":\"IN\",\"offset\":2,\"order\":\"date\",\"order_direction\":\"DESC\",\"terms\":[6]}},\"props\":{\"image\":{\"filters\":{\"search\":\"\"},\"name\":\"field.intro_image.url\"}}}},{\"type\":\"text\",\"props\":{\"margin\":\"default\",\"column_breakpoint\":\"m\",\"text_align\":\"center\",\"maxwidth\":\"large\",\"block_align\":\"center\",\"position\":\"relative\",\"position_z_index\":\"3\",\"class\":\"uk-width-xlarge@m\",\"content\":\"\n\n<p>Desde un cambio de aceite, a revisar los neum\\u00e1ticos, niveles, revisiones (sin perder la garant\\u00eda del fabricante)...<\\\/p>\"},\"source\":{\"query\":{\"name\":\"exhibitions.customExhibition\",\"arguments\":{\"cat_operator\":\"IN\",\"tag_operator\":\"IN\",\"users\":[],\"users_operator\":\"IN\",\"offset\":2,\"order\":\"date\",\"order_direction\":\"DESC\",\"terms\":[6],\"exhibition_cat_operator\":\"IN\",\"exhibition_flag_operator\":\"IN\"}}}}]}]}],\"name\":\"Featured Exhibtion\"},{\"type\":\"section\",\"props\":{\"style\":\"primary\",\"width\":\"\",\"vertical_align\":\"middle\",\"title_position\":\"top-left\",\"title_rotation\":\"left\",\"title_breakpoint\":\"xl\",\"image_position\":\"center-center\",\"height\":\"full\",\"padding\":\"large\"},\"children\":[{\"type\":\"row\",\"children\":[{\"type\":\"column\",\"props\":{\"position_sticky_breakpoint\":\"m\",\"image_position\":\"center-center\",\"media_overlay_gradient\":\"\"},\"children\":[{\"type\":\"image\",\"props\":{\"margin\":\"default\",\"image_svg_color\":\"emphasis\",\"image\":\"wp-content\\\/uploads\\\/yootheme\\\/line-03.svg\",\"position\":\"absolute\",\"image_svg_inline\":true,\"image_svg_animate\":true,\"image_width\":\"2560\",\"text_align\":\"center\",\"visibility\":\"l\",\"image_height\":\"1890\"}}]}]},{\"type\":\"row\",\"children\":[{\"type\":\"column\",\"props\":{\"image_position\":\"center-center\",\"media_overlay_gradient\":\"\",\"position_sticky_breakpoint\":\"m\"},\"children\":[{\"type\":\"headline\",\"props\":{\"title_element\":\"h2\",\"content\":\"Mec\\u00e1nica general\",\"text_align\":\"center\",\"title_style\":\"heading-large\",\"position\":\"relative\",\"position_z_index\":\"1\"}},{\"type\":\"text\",\"props\":{\"margin\":\"default\",\"column_breakpoint\":\"m\",\"content\":\"\n\n<p>Cambio de correas de distribuci\\u00f3n, aver\\u00edas en el motor, electricidad...<\\\/p>\",\"text_align\":\"center\",\"maxwidth\":\"xlarge\",\"text_size\":\"large\",\"block_align\":\"center\",\"position\":\"relative\",\"position_z_index\":\"1\"}}]}],\"props\":{\"width\":\"xlarge\"}}],\"name\":\"Latest Posts\"},{\"type\":\"section\",\"props\":{\"style\":\"default\",\"width\":\"\",\"vertical_align\":\"middle\",\"title_position\":\"top-left\",\"title_rotation\":\"left\",\"title_breakpoint\":\"xl\",\"image_position\":\"center-center\",\"padding_remove_top\":true,\"padding_remove_bottom\":true},\"children\":[{\"type\":\"row\",\"props\":{\"layout\":\"1-2,1-2\",\"column_gap\":\"collapse\",\"row_gap\":\"collapse\"},\"children\":[{\"type\":\"column\",\"props\":{\"image_position\":\"center-center\",\"media_overlay_gradient\":\"\",\"width_medium\":\"1-2\",\"image\":\"wp-content\\\/uploads\\\/yootheme\\\/home-cta-bg-01.jpg\",\"vertical_align\":\"middle\",\"padding\":\"xlarge\",\"image_size\":\"cover\",\"image_width\":\"1280\",\"position_sticky_breakpoint\":\"m\"},\"children\":[{\"type\":\"panel\",\"props\":{\"link_text\":\"Contacto\",\"title_hover_style\":\"reset\",\"title_element\":\"h2\",\"title_align\":\"top\",\"title_grid_width\":\"1-2\",\"title_grid_breakpoint\":\"m\",\"meta_style\":\"h6\",\"meta_align\":\"above-title\",\"meta_element\":\"div\",\"content_column_breakpoint\":\"m\",\"icon_width\":80,\"image_align\":\"top\",\"image_grid_width\":\"1-2\",\"image_grid_breakpoint\":\"m\",\"image_svg_color\":\"emphasis\",\"link_style\":\"secondary\",\"margin\":\"small\",\"panel_style\":\"card-primary\",\"maxwidth\":\"large\",\"block_align\":\"center\",\"meta\":\"El Sebadal\",\"title\":\"Cita Previa\",\"content\":\"\n\n<p>Puedes venir a visitarnos o pedir cita previa con nosotros. Estamos abiertos de 8 a 16 horas de lunes a viernes.<\\\/p>\",\"link\":\"https:\\\/\\\/cadisauto.com\\\/?page_id=42\",\"text_align\":\"center\",\"link_margin\":\"large\",\"title_style\":\"heading-medium\",\"meta_margin\":\"small\",\"title_margin\":\"small\",\"content_align\":false,\"panel_padding\":\"large\",\"class\":\"uk-width-xlarge@m\"}}]},{\"type\":\"column\",\"props\":{\"image_position\":\"center-center\",\"media_overlay_gradient\":\"\",\"width_medium\":\"1-2\",\"image\":\"wp-content\\\/uploads\\\/yootheme\\\/home-cta-bg-02.jpg\",\"vertical_align\":\"middle\",\"padding\":\"xlarge\",\"image_size\":\"cover\",\"image_width\":\"1280\",\"text_color\":\"dark\",\"position_sticky_breakpoint\":\"m\"},\"children\":[{\"type\":\"panel\",\"props\":{\"link_text\":\"Contacto\",\"title_hover_style\":\"reset\",\"title_element\":\"h2\",\"title_align\":\"top\",\"title_grid_width\":\"1-2\",\"title_grid_breakpoint\":\"m\",\"meta_style\":\"h6\",\"meta_align\":\"above-title\",\"meta_element\":\"div\",\"content_column_breakpoint\":\"m\",\"icon_width\":80,\"image_align\":\"top\",\"image_grid_width\":\"1-2\",\"image_grid_breakpoint\":\"m\",\"image_svg_color\":\"emphasis\",\"link_style\":\"secondary\",\"margin\":\"small\",\"maxwidth\":\"large\",\"block_align\":\"center\",\"meta\":\"Taller de confianza\",\"title\":\"Garant\\u00eda\",\"content\":\"\n\n<p>Todas las reparaciones realizadas en nuestro taller tienen garant\\u00eda legal. Adem\\u00e1s, si tu coche est\\u00e1 en garant\\u00eda con el fabricante, conservar\\u00e1s esta garaant\\u00eda si haces las revisiones en Cadisauto.<\\\/p>\",\"link\":\"https:\\\/\\\/cadisauto.com\\\/?page_id=42\",\"text_align\":\"center\",\"link_margin\":\"large\",\"title_style\":\"heading-medium\",\"meta_margin\":\"small\",\"title_margin\":\"small\",\"panel_card_size\":\"large\"}}]}]}],\"name\":\"Call to Action\"}],\"version\":\"2.7.22\"} --><\/p>\n","protected":false},"excerpt":{"rendered":"<p>Taller deconfianza confianza Tu coche nos amar\u00e1. Y tu bolsillo m\u00e1s. Chapa y pintura, mec\u00e1nica r\u00e1pida, mec\u00e1nica en general y neum\u00e1ticos. Trabajamos con las principales aseguradoras. Nos encontramos en el Sebadal (Las Palmas). Chapa &amp; Pintura Si tu coche ha sufrido un accidente, no te preocupes, gestionamos todo el papeleo con tu aseguradora. Si lo [&hellip;]<\/p>\n","protected":false},"author":1,"featured_media":0,"parent":0,"menu_order":3,"comment_status":"open","ping_status":"open","template":"","meta":{"footnotes":""},"class_list":["post-1","page","type-page","status-publish","hentry"],"acf":[],"_links":{"self":[{"href":"https:\/\/cadisauto.com\/index.php?rest_route=\/wp\/v2\/pages\/1","targetHints":{"allow":["GET"]}}],"collection":[{"href":"https:\/\/cadisauto.com\/index.php?rest_route=\/wp\/v2\/pages"}],"about":[{"href":"https:\/\/cadisauto.com\/index.php?rest_route=\/wp\/v2\/types\/page"}],"author":[{"embeddable":true,"href":"https:\/\/cadisauto.com\/index.php?rest_route=\/wp\/v2\/users\/1"}],"replies":[{"embeddable":true,"href":"https:\/\/cadisauto.com\/index.php?rest_route=%2Fwp%2Fv2%2Fcomments&post=1"}],"version-history":[{"count":10,"href":"https:\/\/cadisauto.com\/index.php?rest_route=\/wp\/v2\/pages\/1\/revisions"}],"predecessor-version":[{"id":1345,"href":"https:\/\/cadisauto.com\/index.php?rest_route=\/wp\/v2\/pages\/1\/revisions\/1345"}],"wp:attachment":[{"href":"https:\/\/cadisauto.com\/index.php?rest_route=%2Fwp%2Fv2%2Fmedia&parent=1"}],"curies":[{"name":"wp","href":"https:\/\/api.w.org\/{rel}","templated":true}]}}